{"id":14483,"date":"2016-06-06T06:08:48","date_gmt":"2016-06-06T06:08:48","guid":{"rendered":"http:\/\/www.ibd-solutions.de\/?page_id=14483&#038;lang=fr"},"modified":"2016-07-12T07:47:33","modified_gmt":"2016-07-12T07:47:33","slug":"carriere-jobs","status":"publish","type":"page","link":"https:\/\/www.ibd-solutions.de\/fr\/carriere-jobs\/","title":{"rendered":"CARRI\u00c8RE | JOBS"},"content":{"rendered":"<p>[vc_row full_height=\u00a0\u00bbyes\u00a0\u00bb content_placement=\u00a0\u00bbtop\u00a0\u00bb][vc_column][vc_single_image image=\u00a0\u00bb13787&Prime; img_size=\u00a0\u00bbfull\u00a0\u00bb alignment=\u00a0\u00bbcenter\u00a0\u00bb][\/vc_column][\/vc_row][vc_row background_style=\u00a0\u00bbcover\u00a0\u00bb][vc_column css=\u00a0\u00bb.vc_custom_1463493818803{margin-top: -100px !important;padding-bottom: 0px !important;}\u00a0\u00bb][section_header use_decoration=\u00a0\u00bb0&Prime; main_heading=\u00a0\u00bbNOUS AVONS BESOIN DE VOUS !\u00a0\u00bb text_align=\u00a0\u00bbleft\u00a0\u00bb][vc_column_text css=\u00a0\u00bb.vc_custom_1465193272151{margin-top: 20px !important;}\u00a0\u00bb]<span style=\"font-size: 1.2em;\">Nos collaborateurs repr\u00e9sentent notre plus gros capital. En tant qu\u2019entreprise en plein d\u00e9veloppement, nous sommes constamment \u00e0 la recherche de renforts.<\/span><\/p>\n<p>&nbsp;<\/p>\n<p><span style=\"font-size: 1.2em;\">Joignez-vous \u00e0 nous en tant que :<\/span>[\/vc_column_text][\/vc_column][\/vc_row][vc_row][vc_column][vc_wp_custommenu nav_menu=\u00a0\u00bb60&Prime; el_class=\u00a0\u00bbhorizontal-wp-custom-menu\u00a0\u00bb][\/vc_column][\/vc_row][vc_row][vc_column][section_header use_decoration=\u00a0\u00bb0&Prime; main_heading=\u00a0\u00bbOFFRES D\u2019EMPLOI\u00a0\u00bb text_align=\u00a0\u00bbleft\u00a0\u00bb][\/vc_column][vc_column width=\u00a0\u00bb1\/3&Prime;][vc_column_text]<\/p>\n<h4><a href=\"http:\/\/www.ibd-solutions.de\/services\/ingenieur-assisstante-technique-commercial\/?lang=fr\">ING\u00c9NIEUR \/ ASSISSTANT(E) TECHNIQUE COMMERCIAL<\/a><\/h4>\n<p>Nous sommes \u00e0 la recherche d\u2019un(e) ing\u00e9nieur\/ assistant(e) technique commercial disponible le plus t\u00f4t possible afin de pouvoir soutenir notre \u00e9quipe.[\/vc_column_text][\/vc_column][\/vc_row]<\/p>\n","protected":false},"excerpt":{"rendered":"<p>[vc_row full_height=\u00a0\u00bbyes\u00a0\u00bb content_placement=\u00a0\u00bbtop\u00a0\u00bb][vc_column][vc_single_image image=\u00a0\u00bb13787&Prime; img_size=\u00a0\u00bbfull\u00a0\u00bb alignment=\u00a0\u00bbcenter\u00a0\u00bb][\/vc_column][\/vc_row][vc_row background_style=\u00a0\u00bbcover\u00a0\u00bb][vc_column css=\u00a0\u00bb.vc_custom_1463493818803{margin-top: -100px !important;padding-bottom: 0px !important;}\u00a0\u00bb][section_header use_decoration=\u00a0\u00bb0&Prime; main_heading=\u00a0\u00bbNOUS AVONS BESOIN DE VOUS !\u00a0\u00bb text_align=\u00a0\u00bbleft\u00a0\u00bb][vc_column_text css=\u00a0\u00bb.vc_custom_1465193272151{margin-top: 20px !important;}\u00a0\u00bb]Nos collaborateurs repr\u00e9sentent notre plus gros capital. En tant qu\u2019entreprise en plein d\u00e9veloppement, nous sommes constamment \u00e0 la recherche de renforts. &nbsp; Joignez-vous \u00e0 nous en tant que :[\/vc_column_text][\/vc_column][\/vc_row][vc_row][vc_column][vc_wp_custommenu nav_menu=\u00a0\u00bb60&Prime; el_class=\u00a0\u00bbhorizontal-wp-custom-menu\u00a0\u00bb][\/vc_column][\/vc_row][vc_row][vc_column][section_header use_decoration=\u00a0\u00bb0&Prime; main_heading=\u00a0\u00bbOFFRES [&hellip;]<\/p>\n","protected":false},"author":1,"featured_media":0,"parent":0,"menu_order":0,"comment_status":"closed","ping_status":"closed","template":"","meta":[],"_links":{"self":[{"href":"https:\/\/www.ibd-solutions.de\/fr\/wp-json\/wp\/v2\/pages\/14483"}],"collection":[{"href":"https:\/\/www.ibd-solutions.de\/fr\/wp-json\/wp\/v2\/pages"}],"about":[{"href":"https:\/\/www.ibd-solutions.de\/fr\/wp-json\/wp\/v2\/types\/page"}],"author":[{"embeddable":true,"href":"https:\/\/www.ibd-solutions.de\/fr\/wp-json\/wp\/v2\/users\/1"}],"replies":[{"embeddable":true,"href":"https:\/\/www.ibd-solutions.de\/fr\/wp-json\/wp\/v2\/comments?post=14483"}],"version-history":[{"count":6,"href":"https:\/\/www.ibd-solutions.de\/fr\/wp-json\/wp\/v2\/pages\/14483\/revisions"}],"predecessor-version":[{"id":14674,"href":"https:\/\/www.ibd-solutions.de\/fr\/wp-json\/wp\/v2\/pages\/14483\/revisions\/14674"}],"wp:attachment":[{"href":"https:\/\/www.ibd-solutions.de\/fr\/wp-json\/wp\/v2\/media?parent=14483"}],"curies":[{"name":"wp","href":"https:\/\/api.w.org\/{rel}","templated":true}]}}