{"id":14470,"date":"2016-06-03T09:23:20","date_gmt":"2016-06-03T09:23:20","guid":{"rendered":"http:\/\/www.ibd-solutions.de\/?page_id=14470&#038;lang=fr"},"modified":"2016-06-03T09:23:20","modified_gmt":"2016-06-03T09:23:20","slug":"philosophie","status":"publish","type":"page","link":"https:\/\/www.ibd-solutions.de\/fr\/philosophie\/","title":{"rendered":"Philosophie"},"content":{"rendered":"<p>[vc_row background_style=\u00a0\u00bbcover\u00a0\u00bb css=\u00a0\u00bb.vc_custom_1463137541951{margin-top: -10px !important;}\u00a0\u00bb][vc_column width=\u00a0\u00bb7\/12&Prime;][section_header use_decoration=\u00a0\u00bb0&Prime; main_heading=\u00a0\u00bbLA QUALIT\u00c9\u00a0\u00bb text_align=\u00a0\u00bbleft\u00a0\u00bb font_size=\u00a0\u00bbsmall\u00a0\u00bb color=\u00a0\u00bb#878787&Prime;][vc_column_text css=\u00a0\u00bb.vc_custom_1464945533531{margin-top: 20px !important;}\u00a0\u00bb]<\/p>\n<p style=\"text-align: justify;\">Un standard de qualit\u00e9 \u00e9lev\u00e9 pour nos produits et une propret\u00e9 durable du syst\u00e8me dans les conditions r\u00e9elles de production font d\u00e9j\u00e0 partie int\u00e9grante de la phase de conception et de construction et sont l\u2019une de nos lignes directrices.<\/p>\n<p style=\"text-align: justify;\">L\u2019exp\u00e9rience montre que les installations d\u00e9pourvues d\u2019angles et de coins susceptibles de g\u00eaner et pr\u00e9sentant les bons mat\u00e9riaux peuvent \u00eatre utilis\u00e9es sans grand besoin d\u2019entretien et ont davantage tendance \u00e0 fonctionner sans probl\u00e8mes. En plus de cela, une importance toute particuli\u00e8re est accord\u00e9e \u00e0 la stabilit\u00e9 et \u00e0 la qualit\u00e9. L\u2019int\u00e9gration prot\u00e9g\u00e9e des composants amovibles apporte une s\u00e9curit\u00e9 suppl\u00e9mentaire. Les composants actifs de l\u2019installation sont tr\u00e8s faciles d\u2019acc\u00e8s, ce qui permet de profiter d\u2019un entretien ou d\u2019une r\u00e9paration tr\u00e8s rapide.<\/p>\n<p style=\"text-align: justify;\">Toutes les op\u00e9rations d\u2019exploitation sont soumises \u00e0 un contr\u00f4le qualit\u00e9. Les mesures d\u2019assurance-qualit\u00e9 sont r\u00e9guli\u00e8rement v\u00e9rifi\u00e9es par le T\u00dcV (Association de Surveillance Technique) et certifi\u00e9es conformes \u00e0 DIN EN ISO900 : 2008.<\/p>\n<p>[\/vc_column_text][section_header use_decoration=\u00a0\u00bb0&Prime; main_heading=\u00a0\u00bbL\u2019ABSENCE D\u2019ENTRETIEN\u00a0\u00bb text_align=\u00a0\u00bbleft\u00a0\u00bb font_size=\u00a0\u00bbsmall\u00a0\u00bb color=\u00a0\u00bb#878787&Prime;][vc_column_text css=\u00a0\u00bb.vc_custom_1464945590957{margin-top: 20px !important;}\u00a0\u00bb]<\/p>\n<p style=\"text-align: justify;\">Nos installations sont construites de telle sorte qu\u2019elles peuvent fonctionner sans entretien pendant de longues ann\u00e9es. La plus-value des installations consiste \u00e0 minimiser les co\u00fbts de maintenance autant que faire se peut.<\/p>\n<p>[\/vc_column_text][section_header use_decoration=\u00a0\u00bb0&Prime; main_heading=\u00a0\u00bbLE DEGR\u00c9 D\u2019AUTOMATISATION\u00a0\u00bb text_align=\u00a0\u00bbleft\u00a0\u00bb font_size=\u00a0\u00bbsmall\u00a0\u00bb color=\u00a0\u00bb#878787&Prime;][vc_column_text css=\u00a0\u00bb.vc_custom_1464945707598{margin-top: 20px !important;}\u00a0\u00bb]<\/p>\n<p style=\"text-align: justify;\">Les <strong><span style=\"font-size: 1.1em;\"><span style=\"color: #878787;\"><span style=\"font-family: 'Open Sans Condensed', sans-serif;\">SOLUTIONS <\/span><\/span><\/span><\/strong>ax\u00e9es vers le client sont con\u00e7ues de telle sorte que le syst\u00e8me puisse fonctionner sans l\u2019intervention du personnel d\u2019entretien gr\u00e2ce \u00e0 une automatisation intelligente de l\u2019installation et des proc\u00e9d\u00e9s de production dans chaque situation. Nous nous d\u00e9finissons comme un fournisseur de syst\u00e8mes qui ne se contente pas de fabriquer et de commercialiser des produits, mais qui fournit des <strong><span style=\"font-size: 1.1em;\"><span style=\"color: #878787;\"><span style=\"font-family: 'Open Sans Condensed', sans-serif;\">SOLUTIONS <\/span><\/span>\u00a0<\/span><\/strong>qui se distinguent de par leur approche globale.<\/p>\n<p>[\/vc_column_text][section_header use_decoration=\u00a0\u00bb0&Prime; main_heading=\u00a0\u00bbLE SERVICE APR\u00c8S-VENTE\u00a0\u00bb text_align=\u00a0\u00bbleft\u00a0\u00bb font_size=\u00a0\u00bbsmall\u00a0\u00bb color=\u00a0\u00bb#878787&Prime;][\/vc_column][vc_column width=\u00a0\u00bb5\/12&Prime; css=\u00a0\u00bb.vc_custom_1463138665229{margin-top: 20px !important;border-top-width: 1px !important;border-right-width: 1px !important;border-bottom-width: 1px !important;border-left-width: 1px !important;padding-top: 10px !important;padding-bottom: 5px !important;border-left-color: rgba(51,51,51,0.33) !important;border-left-style: solid !important;border-right-color: rgba(51,51,51,0.33) !important;border-right-style: solid !important;border-top-color: rgba(51,51,51,0.33) !important;border-top-style: solid !important;border-bottom-color: rgba(51,51,51,0.33) !important;border-bottom-style: solid !important;}\u00a0\u00bb][vc_images_carousel images=\u00a0\u00bb13655,13654&Prime; img_size=\u00a0\u00bb450&#215;636&Prime; onclick=\u00a0\u00bblink_no\u00a0\u00bb speed=\u00a0\u00bb3000&Prime; autoplay=\u00a0\u00bbyes\u00a0\u00bb hide_pagination_control=\u00a0\u00bbyes\u00a0\u00bb hide_prev_next_buttons=\u00a0\u00bbyes\u00a0\u00bb wrap=\u00a0\u00bbyes\u00a0\u00bb][\/vc_column][\/vc_row][vc_row css=\u00a0\u00bb.vc_custom_1463138336305{margin-top: -20px !important;}\u00a0\u00bb][vc_column][vc_column_text css=\u00a0\u00bb.vc_custom_1464945751220{margin-top: 20px !important;}\u00a0\u00bb]<\/p>\n<p style=\"text-align: justify;\">La disposition internationale des installations garantit au client une accessibilit\u00e9 24h sur 24 et 365 jours de l\u2019ann\u00e9e. Des techniciens de service flexibles et motiv\u00e9s sont en mesure de vous aider sur place dans les plus brefs d\u00e9lais, lors de r\u00e9solutions de probl\u00e8mes. Les techniques modernes permettent d\u2019intervenir directement sur les installations, afin de corriger les probl\u00e8mes en un minimum de temps.<\/p>\n<p>[\/vc_column_text][section_header use_decoration=\u00a0\u00bb0&Prime; main_heading=\u00a0\u00bbL\u2019EFFICACIT\u00c9 DES CO\u00dbTS\u00a0\u00bb text_align=\u00a0\u00bbleft\u00a0\u00bb font_size=\u00a0\u00bbsmall\u00a0\u00bb color=\u00a0\u00bb#878787&Prime;][vc_column_text css=\u00a0\u00bb.vc_custom_1464945795759{margin-top: 20px !important;}\u00a0\u00bb]<\/p>\n<p style=\"text-align: justify;\">Nous utilisons en principe des syst\u00e8mes qui fonctionnent sans l\u2019aide d\u2019adjuvants de filtrage. Nous accordons \u00e9galement une importance particuli\u00e8re \u00e0 l\u2019efficacit\u00e9 \u00e9nerg\u00e9tique des syst\u00e8mes \u00e9lectriques et hydrauliques. Il n\u2019y a pas que le respect de l\u2019environnement qui marque des points \u2013 les syst\u00e8mes efficaces contribuent aussi \u00e0 r\u00e9duire les co\u00fbts et \u00e0 pr\u00e9server les composants des installations.<\/p>\n<p>[\/vc_column_text][\/vc_column][\/vc_row]<\/p>\n","protected":false},"excerpt":{"rendered":"<p>[vc_row background_style=\u00a0\u00bbcover\u00a0\u00bb css=\u00a0\u00bb.vc_custom_1463137541951{margin-top: -10px !important;}\u00a0\u00bb][vc_column width=\u00a0\u00bb7\/12&Prime;][section_header use_decoration=\u00a0\u00bb0&Prime; main_heading=\u00a0\u00bbLA QUALIT\u00c9\u00a0\u00bb text_align=\u00a0\u00bbleft\u00a0\u00bb font_size=\u00a0\u00bbsmall\u00a0\u00bb color=\u00a0\u00bb#878787&Prime;][vc_column_text css=\u00a0\u00bb.vc_custom_1464945533531{margin-top: 20px !important;}\u00a0\u00bb] Un standard de qualit\u00e9 \u00e9lev\u00e9 pour nos produits et une propret\u00e9 durable du syst\u00e8me dans les conditions r\u00e9elles de production font d\u00e9j\u00e0 partie int\u00e9grante de la phase de conception et de construction et sont l\u2019une de nos lignes directrices. L\u2019exp\u00e9rience [&hellip;]<\/p>\n","protected":false},"author":1,"featured_media":0,"parent":0,"menu_order":0,"comment_status":"closed","ping_status":"open","template":"","meta":[],"_links":{"self":[{"href":"https:\/\/www.ibd-solutions.de\/fr\/wp-json\/wp\/v2\/pages\/14470"}],"collection":[{"href":"https:\/\/www.ibd-solutions.de\/fr\/wp-json\/wp\/v2\/pages"}],"about":[{"href":"https:\/\/www.ibd-solutions.de\/fr\/wp-json\/wp\/v2\/types\/page"}],"author":[{"embeddable":true,"href":"https:\/\/www.ibd-solutions.de\/fr\/wp-json\/wp\/v2\/users\/1"}],"replies":[{"embeddable":true,"href":"https:\/\/www.ibd-solutions.de\/fr\/wp-json\/wp\/v2\/comments?post=14470"}],"version-history":[{"count":1,"href":"https:\/\/www.ibd-solutions.de\/fr\/wp-json\/wp\/v2\/pages\/14470\/revisions"}],"predecessor-version":[{"id":14473,"href":"https:\/\/www.ibd-solutions.de\/fr\/wp-json\/wp\/v2\/pages\/14470\/revisions\/14473"}],"wp:attachment":[{"href":"https:\/\/www.ibd-solutions.de\/fr\/wp-json\/wp\/v2\/media?parent=14470"}],"curies":[{"name":"wp","href":"https:\/\/api.w.org\/{rel}","templated":true}]}}