{"id":14463,"date":"2016-06-03T08:31:14","date_gmt":"2016-06-03T08:31:14","guid":{"rendered":"http:\/\/www.ibd-solutions.de\/?page_id=14463"},"modified":"2016-06-10T12:09:27","modified_gmt":"2016-06-10T12:09:27","slug":"ibd-solutions-se-presente","status":"publish","type":"page","link":"https:\/\/www.ibd-solutions.de\/fr\/ibd-solutions-se-presente\/","title":{"rendered":"IBD SOLUTIONS SE PR\u00c9SENTE"},"content":{"rendered":"<p>[vc_row][vc_column][section_header use_decoration=\u00a0\u00bb0&Prime; main_heading=\u00a0\u00bbHISTORIQUE\u00a0\u00bb text_align=\u00a0\u00bbleft\u00a0\u00bb spy=\u00a0\u00bbuk-animation-slide-left\u00a0\u00bb][\/vc_column][\/vc_row][vc_row background_style=\u00a0\u00bbcover\u00a0\u00bb css=\u00a0\u00bb.vc_custom_1464683367313{margin-top: -50px !important;border-radius: 2px !important;}\u00a0\u00bb][vc_column css=\u00a0\u00bb.vc_custom_1464682480589{border-left-width: 1px !important;border-left-color: rgba(0,0,0,0.1) !important;border-left-style: solid !important;}\u00a0\u00bb][vc_row_inner css=\u00a0\u00bb.vc_custom_1464683376145{margin-top: 20px !important;}\u00a0\u00bb][vc_column_inner css=\u00a0\u00bb.vc_custom_1463063871646{margin-bottom: 30px !important;padding-left: 0px !important;border-radius: 2px !important;}\u00a0\u00bb][vc_column_text css_animation=\u00a0\u00bbleft-to-right\u00a0\u00bb]<\/p>\n<p style=\"text-align: justify;\">Depuis 1996, nous proposons un savoir-faire comp\u00e9tent \u00e0 nos clients du secteur manufacturier sous le nom <span style=\"font-family: 'Open Sans Condensed', sans-serif;\"><span style=\"font-size: 1.4em; color: #494949; font-family: 'Open Sans Condensed', sans-serif;\">I<\/span>NGENIEUR\u00a0<span style=\"font-size: 1.4em; color: #494949; font-family: 'Open Sans Condensed', sans-serif;\">B<\/span>\u00dcRO\u00a0<span style=\"font-size: 1.4em; color: #494949; font-family: 'Open Sans Condensed', sans-serif;\">D<\/span>\u00d6RRE<\/span>.<\/p>\n<p style=\"text-align: justify;\">Depuis la fondation de l\u2019entreprise, le si\u00e8ge social se situe \u00e0 Wenden, dans la circonscription d\u2019Olpe. Lors de sa cr\u00e9ation, l\u2019entreprise s\u2019est principalement focalis\u00e9e sur les prestations d\u2019ing\u00e9nierie suivantes :<\/p>\n<p>[\/vc_column_text][vc_column_text css_animation=\u00a0\u00bbleft-to-right\u00a0\u00bb css=\u00a0\u00bb.vc_custom_1465560428261{margin-top: -20px !important;margin-bottom: 20px !important;margin-left: -20px !important;}\u00a0\u00bb]<\/p>\n<ul style=\"text-align: justify;\">\n<li><span style=\"font-size: 1.2em;\">Electrotechnique<\/span><\/li>\n<li><span style=\"font-size: 1.2em;\">Construction m\u00e9canique<\/span><\/li>\n<li><span style=\"font-size: 1.2em;\">Technique des fluides \/ d\u2019ing\u00e9nierie<\/span><\/li>\n<li><span style=\"font-size: 1.2em;\">D\u00e9veloppement d\u2019installations compl\u00e8tes de technique de filtrage<\/span><\/li>\n<\/ul>\n<p>[\/vc_column_text][vc_column_text css_animation=\u00a0\u00bbleft-to-right\u00a0\u00bb]<\/p>\n<p style=\"text-align: justify;\">Les concepts d\u00e9velopp\u00e9s et test\u00e9s ont \u00e9t\u00e9 convertis en des produits \u00e0 succ\u00e8s qui, au commencement, \u00e9taient produits \u00e0 100% en sous-traitance. Dans les ann\u00e9es qui ont suivi, la construction de capacit\u00e9s de production internes se sont succ\u00e9d\u00e9es. Le commerce \u00e0 succ\u00e8s sur le march\u00e9 international a engendr\u00e9 une croissance perp\u00e9tuelle. En commen\u00e7ant par les commandes \u00e9lectrotechniques, la soci\u00e9t\u00e9 IBD a \u00e9tendu les capacit\u00e9s de production pas \u00e0 pas, de telle sorte qu\u2019elle soit en mesure de r\u00e9pondre de mani\u00e8re flexible, fiable et individuelle aux exigences des clients \u2013 et cela, \u00e0 l\u2019\u00e9chelle internationale.<\/p>\n<h3 style=\"text-align: justify;\"><\/h3>\n<p>[\/vc_column_text][\/vc_column_inner][\/vc_row_inner][\/vc_column][\/vc_row][vc_row][vc_column][vc_separator style=\u00a0\u00bbshadow\u00a0\u00bb border_width=\u00a0\u00bb2&Prime;][section_header use_decoration=\u00a0\u00bb0&Prime; main_heading=\u00a0\u00bb&#8230;AUJOURD\u2018HUI\u00a0\u00bb text_align=\u00a0\u00bbright\u00a0\u00bb spy=\u00a0\u00bbuk-animation-slide-right\u00a0\u00bb css=\u00a0\u00bb.vc_custom_1464944280884{margin-right: -1px !important;}\u00a0\u00bb][\/vc_column][\/vc_row][vc_row background_style=\u00a0\u00bbcover\u00a0\u00bb css=\u00a0\u00bb.vc_custom_1463063947906{margin-top: -50px !important;margin-bottom: 30px !important;border-radius: 2px !important;}\u00a0\u00bb][vc_column css=\u00a0\u00bb.vc_custom_1464682589850{border-right-width: 1px !important;border-right-color: rgba(0,0,0,0.1) !important;border-right-style: solid !important;}\u00a0\u00bb][vc_row_inner css=\u00a0\u00bb.vc_custom_1427954499637{margin-top: 20px !important;margin-bottom: 60px !important;}\u00a0\u00bb][vc_column_inner css=\u00a0\u00bb.vc_custom_1463063871646{margin-bottom: 30px !important;padding-left: 0px !important;border-radius: 2px !important;}\u00a0\u00bb][vc_column_text css_animation=\u00a0\u00bbright-to-left\u00a0\u00bb css=\u00a0\u00bb.vc_custom_1464945416956{padding-right: 20px !important;}\u00a0\u00bb]<\/p>\n<p style=\"text-align: justify;\">La soci\u00e9t\u00e9<span style=\"font-size: 1.2em; color: #494949; font-family: 'Open Sans Condensed', sans-serif;\"> IBD SOLUTIONS<\/span> <span style=\"color: #494949; font-family: 'Open Sans Condensed', sans-serif;\">GMBH<\/span> produit des syst\u00e8mes centraux de traitement de fluides de proc\u00e9d\u00e9 et de syst\u00e8mes destin\u00e9s au transport de mati\u00e8res solides (par ex. de la sciure). Nous proposons des concepts innovants pour l\u2019int\u00e9gration totale de nous installations dans les proc\u00e9d\u00e9s de production pr\u00e9d\u00e9termin\u00e9s.<\/p>\n<p style=\"text-align: justify;\">Dans les syst\u00e8mes centraux, les mati\u00e8res r\u00e9siduelles sont transform\u00e9es en mat\u00e9riaux valorisables. Nous nous effor\u00e7ons d\u2019utiliser des syst\u00e8mes qui ne n\u00e9cessitent pas d\u2019adjuvants de filtrage, comme par ex. les syst\u00e8mes de filtration \u00e0 d\u00e9roulement de papier, et peu d\u2019\u00e9nergie, tout en tenant compte des contraintes techniques.<\/p>\n<p style=\"text-align: justify;\">Cela r\u00e9duit les co\u00fbts et apporte un gain de qualit\u00e9 \u00e9norme \u00e0 la production.<\/p>\n<p style=\"text-align: justify;\">Nous ne nous d\u00e9finissons pas seulement comme un fournisseur de syst\u00e8mes qui se contente de commercialiser des produits, mais qui d\u00e9veloppe et met en place des <strong><span style=\"font-size: 1.1em;\"><span style=\"color: #878787;\"><span style=\"font-family: 'Open Sans Condensed', sans-serif;\">SOLUTIONS<\/span><\/span><\/span><\/strong>pour l\u2019exploitation correspondante.<\/p>\n<p>[\/vc_column_text][\/vc_column_inner][\/vc_row_inner][\/vc_column][\/vc_row][vc_row background_style=\u00a0\u00bbcover\u00a0\u00bb][vc_column][section_header use_decoration=\u00a0\u00bb0&Prime; main_heading=\u00a0\u00bbLES \u00c9V\u00c8NEMENTS QUI ONT MARQU\u00c9 NOTRE HISTOIRE\u00a0\u00bb text_align=\u00a0\u00bbleft\u00a0\u00bb color=\u00a0\u00bb#444444&Prime;][\/vc_column][\/vc_row][vc_row][vc_column][dt_timeline][dt_timeline_item][vc_single_image image=\u00a0\u00bb13606&Prime; img_size=\u00a0\u00bb200&#215;60&Prime;][vc_separator][vc_column_text]20 ans d\u2019<span style=\"font-size: 1.2em; color: #494949; font-family: 'Open Sans Condensed', sans-serif;\">IBD SOLUTIONS<\/span> <span style=\"color: #494949; font-family: 'Open Sans Condensed', sans-serif;\">GMBH<\/span>[\/vc_column_text][\/dt_timeline_item][dt_timeline_item position=\u00a0\u00bbright\u00a0\u00bb][vc_single_image image=\u00a0\u00bb13610&Prime; img_size=\u00a0\u00bb200&#215;60&Prime; css=\u00a0\u00bb.vc_custom_1463126902747{margin-top: 50px !important;}\u00a0\u00bb][vc_separator][vc_column_text]Transfert des activit\u00e9s op\u00e9rationnelles en GmbH (Sarl)[\/vc_column_text][vc_column_text]Certification selon DIN EN ISO 9001 : 2008[\/vc_column_text][vc_column_text]Certification d\u2019atelier sp\u00e9cialis\u00e9, conform\u00e9ment \u00e0 la loi allemande de protection des eaux[\/vc_column_text][\/dt_timeline_item][dt_timeline_item][vc_single_image image=\u00a0\u00bb13609&Prime; img_size=\u00a0\u00bb200&#215;60&Prime;][vc_separator][vc_column_text]Emm\u00e9nagement dans le nouveau hall de production Im Ruttenberge 14 \u00e0 Gerlingen[\/vc_column_text][\/dt_timeline_item][dt_timeline_item position=\u00a0\u00bbright\u00a0\u00bb][vc_single_image image=\u00a0\u00bb13608&Prime; img_size=\u00a0\u00bb200&#215;60&Prime;][vc_separator][vc_column_text css=\u00a0\u00bb.vc_custom_1465560567861{margin-bottom: 103px !important;}\u00a0\u00bb]Construction d\u2019un b\u00e2timent administratif \u00e0 Schubertstra\u00dfe 53, \u00e0 M\u00f6llmicke[\/vc_column_text][\/dt_timeline_item][dt_timeline_item][vc_single_image image=\u00a0\u00bb13607&Prime; img_size=\u00a0\u00bb200&#215;60&Prime;][vc_separator][vc_column_text]Fondation <span style=\"font-family: 'Open Sans Condensed', sans-serif;\"><span style=\"font-size: 1.4em; color: #494949; font-family: 'Open Sans Condensed', sans-serif;\">I<\/span>NGENIEUR\u00a0<span style=\"font-size: 1.4em; color: #494949; font-family: 'Open Sans Condensed', sans-serif;\">B<\/span>\u00dcRO\u00a0<span style=\"font-size: 1.4em; color: #494949; font-family: 'Open Sans Condensed', sans-serif;\">D<\/span>\u00d6RRE<\/span>[\/vc_column_text][\/dt_timeline_item][\/dt_timeline][\/vc_column][\/vc_row]<\/p>\n","protected":false},"excerpt":{"rendered":"<p>[vc_row][vc_column][section_header use_decoration=\u00a0\u00bb0&Prime; main_heading=\u00a0\u00bbHISTORIQUE\u00a0\u00bb text_align=\u00a0\u00bbleft\u00a0\u00bb spy=\u00a0\u00bbuk-animation-slide-left\u00a0\u00bb][\/vc_column][\/vc_row][vc_row background_style=\u00a0\u00bbcover\u00a0\u00bb css=\u00a0\u00bb.vc_custom_1464683367313{margin-top: -50px !important;border-radius: 2px !important;}\u00a0\u00bb][vc_column css=\u00a0\u00bb.vc_custom_1464682480589{border-left-width: 1px !important;border-left-color: rgba(0,0,0,0.1) !important;border-left-style: solid !important;}\u00a0\u00bb][vc_row_inner css=\u00a0\u00bb.vc_custom_1464683376145{margin-top: 20px !important;}\u00a0\u00bb][vc_column_inner css=\u00a0\u00bb.vc_custom_1463063871646{margin-bottom: 30px !important;padding-left: 0px !important;border-radius: 2px !important;}\u00a0\u00bb][vc_column_text css_animation=\u00a0\u00bbleft-to-right\u00a0\u00bb] Depuis 1996, nous proposons un savoir-faire comp\u00e9tent \u00e0 nos clients du secteur manufacturier sous le nom INGENIEUR\u00a0B\u00dcRO\u00a0D\u00d6RRE. Depuis la fondation de l\u2019entreprise, le si\u00e8ge social se [&hellip;]<\/p>\n","protected":false},"author":1,"featured_media":0,"parent":0,"menu_order":0,"comment_status":"closed","ping_status":"open","template":"","meta":[],"_links":{"self":[{"href":"https:\/\/www.ibd-solutions.de\/fr\/wp-json\/wp\/v2\/pages\/14463"}],"collection":[{"href":"https:\/\/www.ibd-solutions.de\/fr\/wp-json\/wp\/v2\/pages"}],"about":[{"href":"https:\/\/www.ibd-solutions.de\/fr\/wp-json\/wp\/v2\/types\/page"}],"author":[{"embeddable":true,"href":"https:\/\/www.ibd-solutions.de\/fr\/wp-json\/wp\/v2\/users\/1"}],"replies":[{"embeddable":true,"href":"https:\/\/www.ibd-solutions.de\/fr\/wp-json\/wp\/v2\/comments?post=14463"}],"version-history":[{"count":12,"href":"https:\/\/www.ibd-solutions.de\/fr\/wp-json\/wp\/v2\/pages\/14463\/revisions"}],"predecessor-version":[{"id":14637,"href":"https:\/\/www.ibd-solutions.de\/fr\/wp-json\/wp\/v2\/pages\/14463\/revisions\/14637"}],"wp:attachment":[{"href":"https:\/\/www.ibd-solutions.de\/fr\/wp-json\/wp\/v2\/media?parent=14463"}],"curies":[{"name":"wp","href":"https:\/\/api.w.org\/{rel}","templated":true}]}}