{"id":14458,"date":"2016-06-03T08:09:35","date_gmt":"2016-06-03T08:09:35","guid":{"rendered":"http:\/\/www.ibd-solutions.de\/?page_id=14458&#038;lang=fr"},"modified":"2016-06-10T12:54:13","modified_gmt":"2016-06-10T12:54:13","slug":"pourquoi-ibd","status":"publish","type":"page","link":"https:\/\/www.ibd-solutions.de\/fr\/pourquoi-ibd\/","title":{"rendered":"POURQUOI IBD ?"},"content":{"rendered":"<p>[vc_row][vc_column css=\u00a0\u00bb.vc_custom_1463130968770{margin-top: -60px !important;}\u00a0\u00bb][rev_slider_vc alias=\u00a0\u00bbwarum-ibd-fr\u00a0\u00bb][\/vc_column][\/vc_row][vc_row background_style=\u00a0\u00bbcover\u00a0\u00bb css=\u00a0\u00bb.vc_custom_1463143783294{margin-top: 50px !important;margin-bottom: 80px !important;}\u00a0\u00bb][vc_column width=\u00a0\u00bb5\/12&Prime; css=\u00a0\u00bb.vc_custom_1465563255371{border-top-width: 1px !important;border-right-width: 1px !important;border-bottom-width: 1px !important;border-left-width: 1px !important;padding-top: 40px !important;padding-right: 20px !important;padding-bottom: 70px !important;padding-left: 20px !important;border-left-color: rgba(51,51,51,0.33) !important;border-left-style: solid !important;border-right-color: rgba(51,51,51,0.33) !important;border-right-style: solid !important;border-top-color: rgba(51,51,51,0.33) !important;border-top-style: solid !important;border-bottom-color: rgba(51,51,51,0.33) !important;border-bottom-style: solid !important;}\u00a0\u00bb][vc_column_text css_animation=\u00a0\u00bbbottom-to-top\u00a0\u00bb]<\/p>\n<h1>VOTRE PROFIT &#8230;<\/h1>\n<h2 style=\"text-align: right;\">&#8230; NOS COMP\u00c9TENCES<\/h2>\n<p>&nbsp;<\/p>\n<p>Nous accordons une importance particuli\u00e8re aux syst\u00e8mes \u00e0 disponibilit\u00e9 \u00e9lev\u00e9e, qui n\u00e9cessitent une \u00e9nergie et une maintenance minimales<\/p>\n<p>Des <strong><span style=\"font-family: 'Open Sans Condensed', sans-serif;\">SOLUTIONS <\/span><\/strong> sur mesure pour nos clients, enti\u00e8rement automatis\u00e9es et int\u00e9gr\u00e9es<\/p>\n<p>Nous travaillons sans utiliser ni d\u2019adjuvants ni de consommables<\/p>\n<p>Nous sommes continuellement \u00e0 la recherche de\u00a0<strong><span style=\"font-family: 'Open Sans Condensed', sans-serif;\">SOLUTIONS <\/span><\/strong> ax\u00e9es vers l\u2019avenir[\/vc_column_text][\/vc_column][vc_column width=\u00a0\u00bb1\/2&Prime;][section_header use_decoration=\u00a0\u00bb0&Prime; main_heading=\u00a0\u00bbR\u00c9DUCTION DES CO\u00dbTS\u00a0\u00bb text_align=\u00a0\u00bbleft\u00a0\u00bb font_size=\u00a0\u00bbsmall\u00a0\u00bb color=\u00a0\u00bb#878787&Prime; spy=\u00a0\u00bbuk-animation-slide-bottom\u00a0\u00bb][vc_column_text css_animation=\u00a0\u00bbbottom-to-top\u00a0\u00bb css=\u00a0\u00bb.vc_custom_1465561322346{margin-bottom: 15px !important;margin-left: -20px !important;}\u00a0\u00bb]<\/p>\n<ul>\n<li>Co\u00fbts d\u2019exploitation tr\u00e8s bas<\/li>\n<li>Pas de frais additionnels dus aux consommables<\/li>\n<li>Dur\u00e9e de vie plus longue de vos installations de production et de vos outils<\/li>\n<li>Frais de nettoyage sensiblement plus bas pour vos installations de production<\/li>\n<li>Filtration fiable sur le long terme<\/li>\n<li>Augmentation de la dur\u00e9e de vie du lubrifiant r\u00e9frig\u00e9rant<\/li>\n<li>Transformation des mati\u00e8res r\u00e9siduelles en mat\u00e9riaux valorisables \/ Baisse des co\u00fbts d\u2019\u00e9limination \/ Augmentation du produit de la vente pour les mati\u00e8res valorisables recycl\u00e9es<\/li>\n<li>Gain de surface de production<\/li>\n<\/ul>\n<p>[\/vc_column_text][vc_separator style=\u00a0\u00bbshadow\u00a0\u00bb border_width=\u00a0\u00bb2&Prime;][section_header use_decoration=\u00a0\u00bb0&Prime; main_heading=\u00a0\u00bbAUGMENTATION DE LA PRODUCTIVIT\u00c9\u00a0\u00bb text_align=\u00a0\u00bbleft\u00a0\u00bb font_size=\u00a0\u00bbsmall\u00a0\u00bb color=\u00a0\u00bb#878787&Prime; spy=\u00a0\u00bbuk-animation-slide-bottom\u00a0\u00bb css=\u00a0\u00bb.vc_custom_1465192869336{margin-top: -20px !important;}\u00a0\u00bb][vc_column_text css_animation=\u00a0\u00bbbottom-to-top\u00a0\u00bb css=\u00a0\u00bb.vc_custom_1465561409355{margin-bottom: 15px !important;margin-left: -20px !important;}\u00a0\u00bb]<\/p>\n<ul>\n<li>Temps de proc\u00e9d\u00e9s plus court gr\u00e2ce \u00e0 l\u2019augmentation des donn\u00e9es de performance<\/li>\n<li>R\u00e9duction des temps d\u2019indisponibilit\u00e9 de la machine non pr\u00e9vus et des arr\u00eats de production<\/li>\n<li>Am\u00e9lioration de la qualit\u00e9 de surface des pi\u00e8ces \u00e0 usiner<\/li>\n<\/ul>\n<p>[\/vc_column_text][vc_separator style=\u00a0\u00bbshadow\u00a0\u00bb border_width=\u00a0\u00bb2&Prime; css=\u00a0\u00bb.vc_custom_1463143284160{margin-top: -10px !important;margin-bottom: -10px !important;}\u00a0\u00bb][section_header use_decoration=\u00a0\u00bb0&Prime; main_heading=\u00a0\u00bbET BIEN D&rsquo;AUTRES AVANTAGES\u00a0\u00bb text_align=\u00a0\u00bbleft\u00a0\u00bb font_size=\u00a0\u00bbsmall\u00a0\u00bb color=\u00a0\u00bb#878787&Prime; spy=\u00a0\u00bbuk-animation-slide-bottom\u00a0\u00bb css=\u00a0\u00bb.vc_custom_1465192943975{margin-top: -20px !important;}\u00a0\u00bb][vc_column_text css_animation=\u00a0\u00bbbottom-to-top\u00a0\u00bb css=\u00a0\u00bb.vc_custom_1465561416697{margin-left: -20px !important;}\u00a0\u00bb]<\/p>\n<ul>\n<li>Am\u00e9lioration de la qualit\u00e9 de l\u2019air gr\u00e2ce \u00e0 la s\u00e9paration continuelle des huiles \u00e9trang\u00e8res<\/li>\n<li>Am\u00e9lioration des conditions de travail gr\u00e2ce \u00e0 une formation d\u2019a\u00e9rosols moindre et une exposition aux germes plus faible<\/li>\n<\/ul>\n<p>[\/vc_column_text][\/vc_column][\/vc_row]<\/p>\n","protected":false},"excerpt":{"rendered":"<p>[vc_row][vc_column css=\u00a0\u00bb.vc_custom_1463130968770{margin-top: -60px !important;}\u00a0\u00bb][rev_slider_vc alias=\u00a0\u00bbwarum-ibd-fr\u00a0\u00bb][\/vc_column][\/vc_row][vc_row background_style=\u00a0\u00bbcover\u00a0\u00bb css=\u00a0\u00bb.vc_custom_1463143783294{margin-top: 50px !important;margin-bottom: 80px !important;}\u00a0\u00bb][vc_column width=\u00a0\u00bb5\/12&Prime; css=\u00a0\u00bb.vc_custom_1465563255371{border-top-width: 1px !important;border-right-width: 1px !important;border-bottom-width: 1px !important;border-left-width: 1px !important;padding-top: 40px !important;padding-right: 20px !important;padding-bottom: 70px !important;padding-left: 20px !important;border-left-color: rgba(51,51,51,0.33) !important;border-left-style: solid !important;border-right-color: rgba(51,51,51,0.33) !important;border-right-style: solid !important;border-top-color: rgba(51,51,51,0.33) !important;border-top-style: solid !important;border-bottom-color: rgba(51,51,51,0.33) !important;border-bottom-style: solid !important;}\u00a0\u00bb][vc_column_text css_animation=\u00a0\u00bbbottom-to-top\u00a0\u00bb] VOTRE PROFIT &#8230; &#8230; NOS COMP\u00c9TENCES &nbsp; Nous accordons [&hellip;]<\/p>\n","protected":false},"author":1,"featured_media":0,"parent":0,"menu_order":0,"comment_status":"closed","ping_status":"open","template":"","meta":[],"_links":{"self":[{"href":"https:\/\/www.ibd-solutions.de\/fr\/wp-json\/wp\/v2\/pages\/14458"}],"collection":[{"href":"https:\/\/www.ibd-solutions.de\/fr\/wp-json\/wp\/v2\/pages"}],"about":[{"href":"https:\/\/www.ibd-solutions.de\/fr\/wp-json\/wp\/v2\/types\/page"}],"author":[{"embeddable":true,"href":"https:\/\/www.ibd-solutions.de\/fr\/wp-json\/wp\/v2\/users\/1"}],"replies":[{"embeddable":true,"href":"https:\/\/www.ibd-solutions.de\/fr\/wp-json\/wp\/v2\/comments?post=14458"}],"version-history":[{"count":14,"href":"https:\/\/www.ibd-solutions.de\/fr\/wp-json\/wp\/v2\/pages\/14458\/revisions"}],"predecessor-version":[{"id":14663,"href":"https:\/\/www.ibd-solutions.de\/fr\/wp-json\/wp\/v2\/pages\/14458\/revisions\/14663"}],"wp:attachment":[{"href":"https:\/\/www.ibd-solutions.de\/fr\/wp-json\/wp\/v2\/media?parent=14458"}],"curies":[{"name":"wp","href":"https:\/\/api.w.org\/{rel}","templated":true}]}}