{"id":14205,"date":"2016-05-30T12:25:50","date_gmt":"2016-05-30T12:25:50","guid":{"rendered":"http:\/\/www.ibd-solutions.de\/?page_id=14205"},"modified":"2016-06-10T12:13:23","modified_gmt":"2016-06-10T12:13:23","slug":"ibd-solutions-stellt-sich-vor_es","status":"publish","type":"page","link":"https:\/\/www.ibd-solutions.de\/es\/ibd-solutions-stellt-sich-vor_es\/","title":{"rendered":"SE PRESENTA IBD SOLUTIONS"},"content":{"rendered":"<p>[vc_row][vc_column][section_header use_decoration=\u00bb0&#8243; main_heading=\u00bbHISTORIA\u00bb text_align=\u00bbleft\u00bb spy=\u00bbuk-animation-slide-left\u00bb][\/vc_column][\/vc_row][vc_row background_style=\u00bbcover\u00bb css=\u00bb.vc_custom_1463063947906{margin-top: -50px !important;margin-bottom: 30px !important;border-radius: 2px !important;}\u00bb][vc_column css=\u00bb.vc_custom_1464683665785{border-left-width: 1px !important;border-left-color: rgba(0,0,0,0.1) !important;border-left-style: solid !important;}\u00bb][vc_row_inner css=\u00bb.vc_custom_1464683654844{margin-top: 20px !important;}\u00bb][vc_column_inner css=\u00bb.vc_custom_1463063871646{margin-bottom: 30px !important;padding-left: 0px !important;border-radius: 2px !important;}\u00bb][vc_column_text css_animation=\u00bbleft-to-right\u00bb]<\/p>\n<p style=\"text-align: justify;\">Bajo el nombre <span style=\"font-family: 'Open Sans Condensed', sans-serif;\"><span style=\"font-size: 1.4em; color: #494949; font-family: 'Open Sans Condensed', sans-serif;\">I<\/span>NGENIEUR\u00a0<span style=\"font-size: 1.4em; color: #494949; font-family: 'Open Sans Condensed', sans-serif;\">B<\/span>\u00dcRO\u00a0<span style=\"font-size: 1.4em; color: #494949; font-family: 'Open Sans Condensed', sans-serif;\">D<\/span>\u00d6RRE<\/span>\u00a0ofrecemos desde 1996 a nuestros clientes del sector productor un know-how competente.<\/p>\n<p style=\"text-align: justify;\">Desde la fundaci\u00f3n de la empresa, su sede se encuentra en Wenden, distrito de Olpe (Alemania). Durante los primeros a\u00f1os despu\u00e9s de su fundaci\u00f3n, la empresa se dedicaba a ofrecer en primer lugar las siguientes prestaciones de ingenier\u00eda:<\/p>\n<p>[\/vc_column_text][vc_column_text css_animation=\u00bbleft-to-right\u00bb css=\u00bb.vc_custom_1465560740976{margin-top: -20px !important;margin-bottom: 20px !important;margin-left: -20px !important;}\u00bb]<\/p>\n<ul style=\"text-align: justify;\">\n<li><span style=\"font-size: 1.2em;\">Electrotecnia<\/span><\/li>\n<li><span style=\"font-size: 1.2em;\">Construcci\u00f3n mec\u00e1nica<\/span><\/li>\n<li><span style=\"font-size: 1.2em;\">T\u00e9cnica de fluidos \/ procesos<\/span><\/li>\n<li><span style=\"font-size: 1.2em;\">Desarrollo de instalaciones completas en la t\u00e9cnica de filtraci\u00f3<\/span>n<\/li>\n<\/ul>\n<p>[\/vc_column_text][vc_column_text css_animation=\u00bbleft-to-right\u00bb]<\/p>\n<p style=\"text-align: justify;\">Los conceptos elaborados y de probada eficacia fueron aplicados en productos exitosos que al principio fueron en un 100% de fabricaci\u00f3n ajena. En los a\u00f1os siguientes, logramos ampliar sucesivamente nuestras posibilidades de producci\u00f3n. Gracias a nuestra actuaci\u00f3n exitosa en el mercado mundial conseguimos un crecimiento continuo. Comenzando con sistemas electrot\u00e9cnicos de control, la empresa IBD iba aumentando progresivamente sus posibilidades de producci\u00f3n, estando en condiciones de adaptarse de manera confiable e individual a las exigencias de sus clientes, en todo el mundo.<\/p>\n<p>[\/vc_column_text][\/vc_column_inner][\/vc_row_inner][\/vc_column][\/vc_row][vc_row][vc_column][vc_separator style=\u00bbshadow\u00bb border_width=\u00bb2&#8243;][section_header use_decoration=\u00bb0&#8243; main_heading=\u00bb&#8230; HOY\u00bb text_align=\u00bbright\u00bb spy=\u00bbuk-animation-slide-right\u00bb css=\u00bb.vc_custom_1464611336024{margin-right: -1px !important;}\u00bb][\/vc_column][\/vc_row][vc_row background_style=\u00bbcover\u00bb css=\u00bb.vc_custom_1463063947906{margin-top: -50px !important;margin-bottom: 30px !important;border-radius: 2px !important;}\u00bb][vc_column css=\u00bb.vc_custom_1464684386258{border-right-width: 1px !important;border-right-color: rgba(0,0,0,0.1) !important;border-right-style: solid !important;}\u00bb][vc_row_inner css=\u00bb.vc_custom_1427954499637{margin-top: 20px !important;margin-bottom: 60px !important;}\u00bb][vc_column_inner css=\u00bb.vc_custom_1463063871646{margin-bottom: 30px !important;padding-left: 0px !important;border-radius: 2px !important;}\u00bb][vc_column_text css_animation=\u00bbright-to-left\u00bb css=\u00bb.vc_custom_1464684358917{padding-right: 20px !important;}\u00bb]<\/p>\n<p style=\"text-align: justify;\">La empresa<span style=\"font-size: 1.2em; color: #494949; font-family: 'Open Sans Condensed', sans-serif;\"> IBD SOLUTIONS<\/span> <span style=\"color: #494949; font-family: 'Open Sans Condensed', sans-serif;\">GMBH<\/span> es fabricante de sistemas centralizados de tratamiento para l\u00edquidos de proceso as\u00ed como de sistemas para el transporte de s\u00f3lidos (p. ej. virutas). Ofrecemos a todos los clientes interesados conceptos innovadores para la integraci\u00f3n global de nuestras instalaciones en los procesos de producci\u00f3n existentes.<\/p>\n<p style=\"text-align: justify;\">En sistemas centralizados, los materiales residuales son convertidos en materias valiosas. Aspiramos a emplear sistemas, teniendo en cuenta las condiciones t\u00e9cnicas respectivas, que no precisan de coadyuvantes de filtraci\u00f3n, como por ejemplo filtros de banda de papel, y que necesitan un nivel m\u00ednimo de energ\u00eda.<\/p>\n<p style=\"text-align: justify;\">Esto ahorra gastos y supone un enorme aumento de calidad en la producci\u00f3n.<\/p>\n<p style=\"text-align: justify;\">Nos consideramos no solo como suministrador de sistemas que distribuye productos, sino tambi\u00e9n como empresa que ofrece de manera individual <strong><span style=\"font-size: 1.1em;\"><span style=\"color: #878787;\"><span style=\"font-family: 'Open Sans Condensed', sans-serif;\">SOLUCIONES<\/span><\/span><\/span><\/strong> adaptadas a la empresa de producci\u00f3n respectiva.<\/p>\n<p>[\/vc_column_text][\/vc_column_inner][\/vc_row_inner][\/vc_column][\/vc_row][vc_row background_style=\u00bbcover\u00bb][vc_column][section_header use_decoration=\u00bb0&#8243; main_heading=\u00bbNUESTROS HITOS\u00bb text_align=\u00bbleft\u00bb color=\u00bb#444444&#8243;][\/vc_column][\/vc_row][vc_row][vc_column][dt_timeline][dt_timeline_item][vc_single_image image=\u00bb13606&#8243; img_size=\u00bb200&#215;60&#8243;][vc_separator][vc_column_text]20 aniversario de <span style=\"font-size: 1.2em; color: #494949; font-family: 'Open Sans Condensed', sans-serif;\"> IBD SOLUTIONS<\/span> <span style=\"color: #494949; font-family: 'Open Sans Condensed', sans-serif;\">GMBH<\/span>[\/vc_column_text][\/dt_timeline_item][dt_timeline_item position=\u00bbright\u00bb][vc_single_image image=\u00bb13610&#8243; img_size=\u00bb200&#215;60&#8243; css=\u00bb.vc_custom_1463126902747{margin-top: 50px !important;}\u00bb][vc_separator][vc_column_text]Transferencias de los negocios a la sociedad de responsabilidad limitada (GmbH)[\/vc_column_text][vc_column_text]Certificaci\u00f3n seg\u00fan la norma DIN EN ISO 9001 : 2008[\/vc_column_text][vc_column_text]Certificaci\u00f3n como empresa especializada seg\u00fan la ley alemana sobre el r\u00e9gimen de aguas\u00a0 (Wasserhaushaltsgesetz)[\/vc_column_text][\/dt_timeline_item][dt_timeline_item][vc_single_image image=\u00bb13609&#8243; img_size=\u00bb200&#215;60&#8243;][vc_separator][vc_column_text]Instalaci\u00f3n en la nueva nave de producci\u00f3n sita en Im Ruttenberge 14 en Gerlingen[\/vc_column_text][\/dt_timeline_item][dt_timeline_item position=\u00bbright\u00bb][vc_single_image image=\u00bb13608&#8243; img_size=\u00bb200&#215;60&#8243;][vc_separator][vc_column_text css=\u00bb.vc_custom_1465560803999{margin-bottom: 79px !important;}\u00bb]Nueva construcci\u00f3n del edificio de oficinas de Schubertstra\u00dfe 53 en M\u00f6llmicke[\/vc_column_text][\/dt_timeline_item][dt_timeline_item][vc_single_image image=\u00bb13607&#8243; img_size=\u00bb200&#215;60&#8243;][vc_separator][vc_column_text]Fundaci\u00f3n de <span style=\"font-family: 'Open Sans Condensed', sans-serif;\"><span style=\"font-size: 1.4em; color: #494949; font-family: 'Open Sans Condensed', sans-serif;\">I<\/span>NGENIEUR\u00a0<span style=\"font-size: 1.4em; color: #494949; font-family: 'Open Sans Condensed', sans-serif;\">B<\/span>\u00dcRO\u00a0<span style=\"font-size: 1.4em; color: #494949; font-family: 'Open Sans Condensed', sans-serif;\">D<\/span>\u00d6RRE<\/span>[\/vc_column_text][\/dt_timeline_item][\/dt_timeline][\/vc_column][\/vc_row]<\/p>\n","protected":false},"excerpt":{"rendered":"<p>[vc_row][vc_column][section_header use_decoration=\u00bb0&#8243; main_heading=\u00bbHISTORIA\u00bb text_align=\u00bbleft\u00bb spy=\u00bbuk-animation-slide-left\u00bb][\/vc_column][\/vc_row][vc_row background_style=\u00bbcover\u00bb css=\u00bb.vc_custom_1463063947906{margin-top: -50px !important;margin-bottom: 30px !important;border-radius: 2px !important;}\u00bb][vc_column css=\u00bb.vc_custom_1464683665785{border-left-width: 1px !important;border-left-color: rgba(0,0,0,0.1) !important;border-left-style: solid !important;}\u00bb][vc_row_inner css=\u00bb.vc_custom_1464683654844{margin-top: 20px !important;}\u00bb][vc_column_inner css=\u00bb.vc_custom_1463063871646{margin-bottom: 30px !important;padding-left: 0px !important;border-radius: 2px !important;}\u00bb][vc_column_text css_animation=\u00bbleft-to-right\u00bb] Bajo el nombre INGENIEUR\u00a0B\u00dcRO\u00a0D\u00d6RRE\u00a0ofrecemos desde 1996 a nuestros clientes del sector productor un know-how competente. Desde la fundaci\u00f3n de la empresa, su sede se [&hellip;]<\/p>\n","protected":false},"author":1,"featured_media":0,"parent":0,"menu_order":0,"comment_status":"closed","ping_status":"open","template":"","meta":[],"_links":{"self":[{"href":"https:\/\/www.ibd-solutions.de\/es\/wp-json\/wp\/v2\/pages\/14205"}],"collection":[{"href":"https:\/\/www.ibd-solutions.de\/es\/wp-json\/wp\/v2\/pages"}],"about":[{"href":"https:\/\/www.ibd-solutions.de\/es\/wp-json\/wp\/v2\/types\/page"}],"author":[{"embeddable":true,"href":"https:\/\/www.ibd-solutions.de\/es\/wp-json\/wp\/v2\/users\/1"}],"replies":[{"embeddable":true,"href":"https:\/\/www.ibd-solutions.de\/es\/wp-json\/wp\/v2\/comments?post=14205"}],"version-history":[{"count":17,"href":"https:\/\/www.ibd-solutions.de\/es\/wp-json\/wp\/v2\/pages\/14205\/revisions"}],"predecessor-version":[{"id":14644,"href":"https:\/\/www.ibd-solutions.de\/es\/wp-json\/wp\/v2\/pages\/14205\/revisions\/14644"}],"wp:attachment":[{"href":"https:\/\/www.ibd-solutions.de\/es\/wp-json\/wp\/v2\/media?parent=14205"}],"curies":[{"name":"wp","href":"https:\/\/api.w.org\/{rel}","templated":true}]}}