{"id":14100,"date":"2016-05-30T07:45:23","date_gmt":"2016-05-30T07:45:23","guid":{"rendered":"http:\/\/www.ibd-solutions.de\/?page_id=14100&#038;lang=es"},"modified":"2016-05-30T15:53:03","modified_gmt":"2016-05-30T15:53:03","slug":"filosofia","status":"publish","type":"page","link":"https:\/\/www.ibd-solutions.de\/es\/filosofia\/","title":{"rendered":"FILOSOF\u00cdA"},"content":{"rendered":"<p>[vc_row background_style=\u00bbcover\u00bb css=\u00bb.vc_custom_1463137541951{margin-top: -10px !important;}\u00bb][vc_column width=\u00bb7\/12&#8243;][section_header use_decoration=\u00bb0&#8243; main_heading=\u00bbCALIDAD\u00bb text_align=\u00bbleft\u00bb font_size=\u00bbsmall\u00bb color=\u00bb#878787&#8243;][vc_column_text css=\u00bb.vc_custom_1464594096901{margin-top: 20px !important;}\u00bb]<\/p>\n<p style=\"text-align: justify;\">Ya en la fase de concepci\u00f3n y de construcci\u00f3n, un elevado est\u00e1ndar de calidad para nuestros productos as\u00ed como una limpieza sostenible en el sistema bajo condiciones de producci\u00f3n se cuentan entre nuestras prioridades m\u00e1s importantes.<\/p>\n<p style=\"text-align: justify;\">La pr\u00e1ctica muestra que las instalaciones sin esquinas y bordes molestas pueden ser operadas sin aver\u00edas y con escaso mantenimiento si se emplean los materiales acertados. Para ello atribuimos gran importancia en la selecci\u00f3n de los componentes a los aspectos de estabilidad y calidad. Una instalaci\u00f3n protegida de los componentes m\u00f3viles confiere a\u00fan m\u00e1s seguridad. Los componentes activos en la instalaci\u00f3n son muy f\u00e1cilmente accesibles, lo que garantiza un mantenimiento o una reparaci\u00f3n r\u00e1pidos.<\/p>\n<p style=\"text-align: justify;\">Todos los procedimientos operativos est\u00e1n sujetos a un aseguramiento de la calidad. Las medidas que aseguran la calidad son verificadas peri\u00f3dicamente por la entidad T\u00dcV, siendo certificadas con arreglo a la norma DIN EN ISO9001:2008.<\/p>\n<p>[\/vc_column_text][section_header use_decoration=\u00bb0&#8243; main_heading=\u00bbAUSENCIA DE MANTENIMIENTO\u00bb text_align=\u00bbleft\u00bb font_size=\u00bbsmall\u00bb color=\u00bb#878787&#8243;][vc_column_text css=\u00bb.vc_custom_1464594136922{margin-top: 20px !important;}\u00bb]<\/p>\n<p style=\"text-align: justify;\">En principio, nuestras instalaciones son construidas de tal manera que pueden ser operadas durante muchos a\u00f1os sin mantenimiento alguno. El valor a\u00f1adido de las instalaciones consiste en reducir a un m\u00ednimo los gastos de mantenimiento.<\/p>\n<p>[\/vc_column_text][section_header use_decoration=\u00bb0&#8243; main_heading=\u00bbGRADO DE AUTOMATIZACI\u00d3N\u00bb text_align=\u00bbleft\u00bb font_size=\u00bbsmall\u00bb color=\u00bb#878787&#8243;][vc_column_text css=\u00bb.vc_custom_1464594498524{margin-top: 20px !important;}\u00bb]<\/p>\n<p style=\"text-align: justify;\">Las <strong><span style=\"font-size: 1.1em;\"><span style=\"color: #878787;\"><span style=\"font-family: 'Open Sans Condensed', sans-serif;\">SOLUCIONES\u00a0<\/span><\/span><\/span><\/strong>orientadas hacia los clientes son concebidas de modo que el sistema apoya en cualquier situaci\u00f3n los procesos de fabricaci\u00f3n necesarios mediante una automatizaci\u00f3n conveniente de la instalaci\u00f3n, sin que tenga que intervenir el personal de mantenimiento. Nos consideramos como suministrador de sistemas que no solo fabrica y vende productos sino que tambi\u00e9n ofrece <strong><span style=\"font-size: 1.1em;\"><span style=\"color: #878787;\"><span style=\"font-family: 'Open Sans Condensed', sans-serif;\">SOLUCIONES<\/span><\/span>\u00a0<\/span><\/strong>que se caracterizan por un planteamiento coherente y global.<\/p>\n<p>[\/vc_column_text][\/vc_column][vc_column width=\u00bb5\/12&#8243; css=\u00bb.vc_custom_1463138665229{margin-top: 20px !important;border-top-width: 1px !important;border-right-width: 1px !important;border-bottom-width: 1px !important;border-left-width: 1px !important;padding-top: 10px !important;padding-bottom: 5px !important;border-left-color: rgba(51,51,51,0.33) !important;border-left-style: solid !important;border-right-color: rgba(51,51,51,0.33) !important;border-right-style: solid !important;border-top-color: rgba(51,51,51,0.33) !important;border-top-style: solid !important;border-bottom-color: rgba(51,51,51,0.33) !important;border-bottom-style: solid !important;}\u00bb][vc_images_carousel images=\u00bb14277,13654&#8243; img_size=\u00bb450&#215;636&#8243; onclick=\u00bblink_no\u00bb speed=\u00bb3000&#8243; autoplay=\u00bbyes\u00bb hide_pagination_control=\u00bbyes\u00bb hide_prev_next_buttons=\u00bbyes\u00bb wrap=\u00bbyes\u00bb][\/vc_column][\/vc_row][vc_row css=\u00bb.vc_custom_1463138336305{margin-top: -20px !important;}\u00bb][vc_column][section_header use_decoration=\u00bb0&#8243; main_heading=\u00bbSERVICIO\u00bb text_align=\u00bbleft\u00bb font_size=\u00bbsmall\u00bb color=\u00bb#878787&#8243;][vc_column_text css=\u00bb.vc_custom_1464594577735{margin-top: 20px !important;}\u00bb]<\/p>\n<p style=\"text-align: justify;\">Con el emplazamiento internacional de instalaciones queda garantizada una disponibilidad para los clientes las 24 horas del d\u00eda durante 365 d\u00edas al a\u00f1o. Los t\u00e9cnicos de servicio flexibles y motivados est\u00e1n en condiciones de resolver los problemas tambi\u00e9n in situ y dentro de muy poco tiempo. Efectivamente, las t\u00e9cnicas modernas permiten tener un acceso directo a las instalaciones para resolver fallas a la mayor brevedad.<\/p>\n<p>[\/vc_column_text][section_header use_decoration=\u00bb0&#8243; main_heading=\u00bbRENTABILIDAD\u00bb text_align=\u00bbleft\u00bb font_size=\u00bbsmall\u00bb color=\u00bb#878787&#8243;][vc_column_text css=\u00bb.vc_custom_1464594634542{margin-top: 20px !important;}\u00bb]<\/p>\n<p style=\"text-align: justify;\">En principio se emplean sistemas que no precisan de coadyuvantes de filtraci\u00f3n. Atribuimos importancia especial a la eficiencia energ\u00e9tica de los sistemas el\u00e9ctricos e hidr\u00e1ulicos. Figura en primer plano no solo el aspecto ecol\u00f3gico, sino que los sistemas eficientes tambi\u00e9n ayudan a reducir gastos y proteger los componentes de la instalaci\u00f3n.<\/p>\n<p>[\/vc_column_text][\/vc_column][\/vc_row]<\/p>\n","protected":false},"excerpt":{"rendered":"<p>[vc_row background_style=\u00bbcover\u00bb css=\u00bb.vc_custom_1463137541951{margin-top: -10px !important;}\u00bb][vc_column width=\u00bb7\/12&#8243;][section_header use_decoration=\u00bb0&#8243; main_heading=\u00bbCALIDAD\u00bb text_align=\u00bbleft\u00bb font_size=\u00bbsmall\u00bb color=\u00bb#878787&#8243;][vc_column_text css=\u00bb.vc_custom_1464594096901{margin-top: 20px !important;}\u00bb] Ya en la fase de concepci\u00f3n y de construcci\u00f3n, un elevado est\u00e1ndar de calidad para nuestros productos as\u00ed como una limpieza sostenible en el sistema bajo condiciones de producci\u00f3n se cuentan entre nuestras prioridades m\u00e1s importantes. La pr\u00e1ctica muestra que las [&hellip;]<\/p>\n","protected":false},"author":1,"featured_media":0,"parent":0,"menu_order":0,"comment_status":"closed","ping_status":"open","template":"","meta":[],"_links":{"self":[{"href":"https:\/\/www.ibd-solutions.de\/es\/wp-json\/wp\/v2\/pages\/14100"}],"collection":[{"href":"https:\/\/www.ibd-solutions.de\/es\/wp-json\/wp\/v2\/pages"}],"about":[{"href":"https:\/\/www.ibd-solutions.de\/es\/wp-json\/wp\/v2\/types\/page"}],"author":[{"embeddable":true,"href":"https:\/\/www.ibd-solutions.de\/es\/wp-json\/wp\/v2\/users\/1"}],"replies":[{"embeddable":true,"href":"https:\/\/www.ibd-solutions.de\/es\/wp-json\/wp\/v2\/comments?post=14100"}],"version-history":[{"count":5,"href":"https:\/\/www.ibd-solutions.de\/es\/wp-json\/wp\/v2\/pages\/14100\/revisions"}],"predecessor-version":[{"id":14278,"href":"https:\/\/www.ibd-solutions.de\/es\/wp-json\/wp\/v2\/pages\/14100\/revisions\/14278"}],"wp:attachment":[{"href":"https:\/\/www.ibd-solutions.de\/es\/wp-json\/wp\/v2\/media?parent=14100"}],"curies":[{"name":"wp","href":"https:\/\/api.w.org\/{rel}","templated":true}]}}